{"id":158,"date":"2025-05-13T21:48:27","date_gmt":"2025-05-13T21:48:27","guid":{"rendered":"https:\/\/khailen.com\/index.php\/producto\/lorem-ipsum-2\/"},"modified":"2025-05-14T20:03:16","modified_gmt":"2025-05-14T20:03:16","slug":"fantasia","status":"publish","type":"product","link":"https:\/\/khailen.com\/index.php\/producto\/fantasia\/","title":{"rendered":"Fantas\u00eda"},"content":{"rendered":"<p>Ad\u00e9ntrate en un reino de magia y maravillas con nuestra colecci\u00f3n de ebooks de fantas\u00eda. Esta categor\u00eda te transporta a mundos \u00e9picos llenos de dragones, hechiceros, criaturas m\u00edticas y aventuras extraordinarias. Perfecta para quienes buscan escapar de la realidad y sumergirse en historias donde lo imposible se hace posible, con tramas llenas de imaginaci\u00f3n y emoci\u00f3n.<\/p>\n","protected":false},"excerpt":{"rendered":"<p>Ad\u00e9ntrate en un reino de magia y maravillas con nuestra colecci\u00f3n de ebooks de fantas\u00eda. Esta categor\u00eda te transporta a mundos \u00e9picos llenos de dragones, hechiceros, criaturas m\u00edticas y aventuras extraordinarias. Perfecta para quienes buscan escapar de la realidad y sumergirse en historias donde lo imposible se hace posible, con tramas llenas de imaginaci\u00f3n y [&hellip;]<\/p>\n","protected":false},"featured_media":210,"comment_status":"open","ping_status":"closed","template":"","meta":[],"product_brand":[],"product_cat":[79,74],"product_tag":[],"class_list":{"0":"post-158","1":"product","2":"type-product","3":"status-publish","4":"has-post-thumbnail","6":"product_cat-fantasia","7":"product_cat-latest-product","9":"first","10":"instock","11":"downloadable","12":"virtual","13":"taxable","14":"purchasable","15":"product-type-simple"},"yoast_head":"<!-- This site is optimized with the Yoast SEO plugin v25.4 - https:\/\/yoast.com\/wordpress\/plugins\/seo\/ -->\n<title>Fantas\u00eda - khailen<\/title>\n<meta name=\"robots\" content=\"index, follow, max-snippet:-1, max-image-preview:large, max-video-preview:-1\" \/>\n<link rel=\"canonical\" href=\"https:\/\/khailen.com\/index.php\/producto\/fantasia\/\" \/>\n<meta property=\"og:locale\" content=\"es_ES\" \/>\n<meta property=\"og:type\" content=\"article\" \/>\n<meta property=\"og:title\" content=\"Fantas\u00eda - khailen\" \/>\n<meta property=\"og:description\" content=\"Ad\u00e9ntrate en un reino de magia y maravillas con nuestra colecci\u00f3n de ebooks de fantas\u00eda. Esta categor\u00eda te transporta a mundos \u00e9picos llenos de dragones, hechiceros, criaturas m\u00edticas y aventuras extraordinarias. Perfecta para quienes buscan escapar de la realidad y sumergirse en historias donde lo imposible se hace posible, con tramas llenas de imaginaci\u00f3n y [&hellip;]\" \/>\n<meta property=\"og:url\" content=\"https:\/\/khailen.com\/index.php\/producto\/fantasia\/\" \/>\n<meta property=\"og:site_name\" content=\"khailen\" \/>\n<meta property=\"article:modified_time\" content=\"2025-05-14T20:03:16+00:00\" \/>\n<meta property=\"og:image\" content=\"https:\/\/khailen.com\/wp-content\/uploads\/2025\/05\/image-4.jpg\" \/>\n\t<meta property=\"og:image:width\" content=\"1024\" \/>\n\t<meta property=\"og:image:height\" content=\"768\" \/>\n\t<meta property=\"og:image:type\" content=\"image\/jpeg\" \/>\n<meta name=\"twitter:card\" content=\"summary_large_image\" \/>\n<script type=\"application\/ld+json\" class=\"yoast-schema-graph\">{\"@context\":\"https:\/\/schema.org\",\"@graph\":[{\"@type\":\"WebPage\",\"@id\":\"https:\/\/khailen.com\/index.php\/producto\/fantasia\/\",\"url\":\"https:\/\/khailen.com\/index.php\/producto\/fantasia\/\",\"name\":\"Fantas\u00eda - khailen\",\"isPartOf\":{\"@id\":\"https:\/\/khailen.com\/#website\"},\"primaryImageOfPage\":{\"@id\":\"https:\/\/khailen.com\/index.php\/producto\/fantasia\/#primaryimage\"},\"image\":{\"@id\":\"https:\/\/khailen.com\/index.php\/producto\/fantasia\/#primaryimage\"},\"thumbnailUrl\":\"https:\/\/khailen.com\/wp-content\/uploads\/2025\/05\/image-4.jpg\",\"datePublished\":\"2025-05-13T21:48:27+00:00\",\"dateModified\":\"2025-05-14T20:03:16+00:00\",\"breadcrumb\":{\"@id\":\"https:\/\/khailen.com\/index.php\/producto\/fantasia\/#breadcrumb\"},\"inLanguage\":\"es\",\"potentialAction\":[{\"@type\":\"ReadAction\",\"target\":[\"https:\/\/khailen.com\/index.php\/producto\/fantasia\/\"]}]},{\"@type\":\"ImageObject\",\"inLanguage\":\"es\",\"@id\":\"https:\/\/khailen.com\/index.php\/producto\/fantasia\/#primaryimage\",\"url\":\"https:\/\/khailen.com\/wp-content\/uploads\/2025\/05\/image-4.jpg\",\"contentUrl\":\"https:\/\/khailen.com\/wp-content\/uploads\/2025\/05\/image-4.jpg\",\"width\":1024,\"height\":768},{\"@type\":\"BreadcrumbList\",\"@id\":\"https:\/\/khailen.com\/index.php\/producto\/fantasia\/#breadcrumb\",\"itemListElement\":[{\"@type\":\"ListItem\",\"position\":1,\"name\":\"Portada\",\"item\":\"https:\/\/khailen.com\/\"},{\"@type\":\"ListItem\",\"position\":2,\"name\":\"Tienda\",\"item\":\"https:\/\/khailen.com\/index.php\/tienda\/\"},{\"@type\":\"ListItem\",\"position\":3,\"name\":\"Fantas\u00eda\"}]},{\"@type\":\"WebSite\",\"@id\":\"https:\/\/khailen.com\/#website\",\"url\":\"https:\/\/khailen.com\/\",\"name\":\"khailen\",\"description\":\"Explora eBooks \u00fanicos, historias cautivadoras y conocimiento nuevo para tu pasi\u00f3n por la lectura.\",\"publisher\":{\"@id\":\"https:\/\/khailen.com\/#organization\"},\"potentialAction\":[{\"@type\":\"SearchAction\",\"target\":{\"@type\":\"EntryPoint\",\"urlTemplate\":\"https:\/\/khailen.com\/?s={search_term_string}\"},\"query-input\":{\"@type\":\"PropertyValueSpecification\",\"valueRequired\":true,\"valueName\":\"search_term_string\"}}],\"inLanguage\":\"es\"},{\"@type\":\"Organization\",\"@id\":\"https:\/\/khailen.com\/#organization\",\"name\":\"khailen\",\"url\":\"https:\/\/khailen.com\/\",\"logo\":{\"@type\":\"ImageObject\",\"inLanguage\":\"es\",\"@id\":\"https:\/\/khailen.com\/#\/schema\/logo\/image\/\",\"url\":\"https:\/\/khailen.com\/wp-content\/uploads\/2025\/07\/cropped-1044pxlogoweb.png\",\"contentUrl\":\"https:\/\/khailen.com\/wp-content\/uploads\/2025\/07\/cropped-1044pxlogoweb.png\",\"width\":497,\"height\":50,\"caption\":\"khailen\"},\"image\":{\"@id\":\"https:\/\/khailen.com\/#\/schema\/logo\/image\/\"}}]}<\/script>\n<!-- \/ Yoast SEO plugin. -->","yoast_head_json":{"title":"Fantas\u00eda - khailen","robots":{"index":"index","follow":"follow","max-snippet":"max-snippet:-1","max-image-preview":"max-image-preview:large","max-video-preview":"max-video-preview:-1"},"canonical":"https:\/\/khailen.com\/index.php\/producto\/fantasia\/","og_locale":"es_ES","og_type":"article","og_title":"Fantas\u00eda - khailen","og_description":"Ad\u00e9ntrate en un reino de magia y maravillas con nuestra colecci\u00f3n de ebooks de fantas\u00eda. Esta categor\u00eda te transporta a mundos \u00e9picos llenos de dragones, hechiceros, criaturas m\u00edticas y aventuras extraordinarias. Perfecta para quienes buscan escapar de la realidad y sumergirse en historias donde lo imposible se hace posible, con tramas llenas de imaginaci\u00f3n y [&hellip;]","og_url":"https:\/\/khailen.com\/index.php\/producto\/fantasia\/","og_site_name":"khailen","article_modified_time":"2025-05-14T20:03:16+00:00","og_image":[{"width":1024,"height":768,"url":"https:\/\/khailen.com\/wp-content\/uploads\/2025\/05\/image-4.jpg","type":"image\/jpeg"}],"twitter_card":"summary_large_image","schema":{"@context":"https:\/\/schema.org","@graph":[{"@type":"WebPage","@id":"https:\/\/khailen.com\/index.php\/producto\/fantasia\/","url":"https:\/\/khailen.com\/index.php\/producto\/fantasia\/","name":"Fantas\u00eda - khailen","isPartOf":{"@id":"https:\/\/khailen.com\/#website"},"primaryImageOfPage":{"@id":"https:\/\/khailen.com\/index.php\/producto\/fantasia\/#primaryimage"},"image":{"@id":"https:\/\/khailen.com\/index.php\/producto\/fantasia\/#primaryimage"},"thumbnailUrl":"https:\/\/khailen.com\/wp-content\/uploads\/2025\/05\/image-4.jpg","datePublished":"2025-05-13T21:48:27+00:00","dateModified":"2025-05-14T20:03:16+00:00","breadcrumb":{"@id":"https:\/\/khailen.com\/index.php\/producto\/fantasia\/#breadcrumb"},"inLanguage":"es","potentialAction":[{"@type":"ReadAction","target":["https:\/\/khailen.com\/index.php\/producto\/fantasia\/"]}]},{"@type":"ImageObject","inLanguage":"es","@id":"https:\/\/khailen.com\/index.php\/producto\/fantasia\/#primaryimage","url":"https:\/\/khailen.com\/wp-content\/uploads\/2025\/05\/image-4.jpg","contentUrl":"https:\/\/khailen.com\/wp-content\/uploads\/2025\/05\/image-4.jpg","width":1024,"height":768},{"@type":"BreadcrumbList","@id":"https:\/\/khailen.com\/index.php\/producto\/fantasia\/#breadcrumb","itemListElement":[{"@type":"ListItem","position":1,"name":"Portada","item":"https:\/\/khailen.com\/"},{"@type":"ListItem","position":2,"name":"Tienda","item":"https:\/\/khailen.com\/index.php\/tienda\/"},{"@type":"ListItem","position":3,"name":"Fantas\u00eda"}]},{"@type":"WebSite","@id":"https:\/\/khailen.com\/#website","url":"https:\/\/khailen.com\/","name":"khailen","description":"Explora eBooks \u00fanicos, historias cautivadoras y conocimiento nuevo para tu pasi\u00f3n por la lectura.","publisher":{"@id":"https:\/\/khailen.com\/#organization"},"potentialAction":[{"@type":"SearchAction","target":{"@type":"EntryPoint","urlTemplate":"https:\/\/khailen.com\/?s={search_term_string}"},"query-input":{"@type":"PropertyValueSpecification","valueRequired":true,"valueName":"search_term_string"}}],"inLanguage":"es"},{"@type":"Organization","@id":"https:\/\/khailen.com\/#organization","name":"khailen","url":"https:\/\/khailen.com\/","logo":{"@type":"ImageObject","inLanguage":"es","@id":"https:\/\/khailen.com\/#\/schema\/logo\/image\/","url":"https:\/\/khailen.com\/wp-content\/uploads\/2025\/07\/cropped-1044pxlogoweb.png","contentUrl":"https:\/\/khailen.com\/wp-content\/uploads\/2025\/07\/cropped-1044pxlogoweb.png","width":497,"height":50,"caption":"khailen"},"image":{"@id":"https:\/\/khailen.com\/#\/schema\/logo\/image\/"}}]}},"_links":{"self":[{"href":"https:\/\/khailen.com\/index.php\/wp-json\/wp\/v2\/product\/158","targetHints":{"allow":["GET"]}}],"collection":[{"href":"https:\/\/khailen.com\/index.php\/wp-json\/wp\/v2\/product"}],"about":[{"href":"https:\/\/khailen.com\/index.php\/wp-json\/wp\/v2\/types\/product"}],"replies":[{"embeddable":true,"href":"https:\/\/khailen.com\/index.php\/wp-json\/wp\/v2\/comments?post=158"}],"wp:featuredmedia":[{"embeddable":true,"href":"https:\/\/khailen.com\/index.php\/wp-json\/wp\/v2\/media\/210"}],"wp:attachment":[{"href":"https:\/\/khailen.com\/index.php\/wp-json\/wp\/v2\/media?parent=158"}],"wp:term":[{"taxonomy":"product_brand","embeddable":true,"href":"https:\/\/khailen.com\/index.php\/wp-json\/wp\/v2\/product_brand?post=158"},{"taxonomy":"product_cat","embeddable":true,"href":"https:\/\/khailen.com\/index.php\/wp-json\/wp\/v2\/product_cat?post=158"},{"taxonomy":"product_tag","embeddable":true,"href":"https:\/\/khailen.com\/index.php\/wp-json\/wp\/v2\/product_tag?post=158"}],"curies":[{"name":"wp","href":"https:\/\/api.w.org\/{rel}","templated":true}]}}