{"id":128,"date":"2025-05-13T10:48:26","date_gmt":"2025-05-13T10:48:26","guid":{"rendered":"https:\/\/khailen.com\/index.php\/producto\/lorem-ipsum-dolar-sit-emit-4\/"},"modified":"2025-05-14T19:52:45","modified_gmt":"2025-05-14T19:52:45","slug":"novela-negra","status":"publish","type":"product","link":"https:\/\/khailen.com\/index.php\/producto\/novela-negra\/","title":{"rendered":"Novela Negra"},"content":{"rendered":"<p>Sum\u00e9rgete en el lado oscuro con nuestra colecci\u00f3n de ebooks de novela negra. Esta categor\u00eda te ofrece tramas llenas de misterio, cr\u00edmenes e intriga, donde detectives, asesinos y secretos te mantendr\u00e1n al borde del asiento. Perfecta para amantes del thriller que disfrutan desentra\u00f1ar enigmas en atm\u00f3sferas sombr\u00edas y llenas de tensi\u00f3n.<\/p>\n","protected":false},"excerpt":{"rendered":"<p>Sum\u00e9rgete en el lado oscuro con nuestra colecci\u00f3n de ebooks de novela negra. Esta categor\u00eda te ofrece tramas llenas de misterio, cr\u00edmenes e intriga, donde detectives, asesinos y secretos te mantendr\u00e1n al borde del asiento. Perfecta para amantes del thriller que disfrutan desentra\u00f1ar enigmas en atm\u00f3sferas sombr\u00edas y llenas de tensi\u00f3n.<\/p>\n","protected":false},"featured_media":213,"comment_status":"open","ping_status":"closed","template":"","meta":[],"product_brand":[],"product_cat":[82],"product_tag":[],"class_list":{"0":"post-128","1":"product","2":"type-product","3":"status-publish","4":"has-post-thumbnail","6":"product_cat-novela-negra","8":"first","9":"instock","10":"taxable","11":"shipping-taxable","12":"purchasable","13":"product-type-simple"},"yoast_head":"<!-- This site is optimized with the Yoast SEO plugin v25.4 - https:\/\/yoast.com\/wordpress\/plugins\/seo\/ -->\n<title>Novela Negra - khailen<\/title>\n<meta name=\"robots\" content=\"index, follow, max-snippet:-1, max-image-preview:large, max-video-preview:-1\" \/>\n<link rel=\"canonical\" href=\"https:\/\/khailen.com\/index.php\/producto\/novela-negra\/\" \/>\n<meta property=\"og:locale\" content=\"es_ES\" \/>\n<meta property=\"og:type\" content=\"article\" \/>\n<meta property=\"og:title\" content=\"Novela Negra - khailen\" \/>\n<meta property=\"og:description\" content=\"Sum\u00e9rgete en el lado oscuro con nuestra colecci\u00f3n de ebooks de novela negra. Esta categor\u00eda te ofrece tramas llenas de misterio, cr\u00edmenes e intriga, donde detectives, asesinos y secretos te mantendr\u00e1n al borde del asiento. Perfecta para amantes del thriller que disfrutan desentra\u00f1ar enigmas en atm\u00f3sferas sombr\u00edas y llenas de tensi\u00f3n.\" \/>\n<meta property=\"og:url\" content=\"https:\/\/khailen.com\/index.php\/producto\/novela-negra\/\" \/>\n<meta property=\"og:site_name\" content=\"khailen\" \/>\n<meta property=\"article:modified_time\" content=\"2025-05-14T19:52:45+00:00\" \/>\n<meta property=\"og:image\" content=\"https:\/\/khailen.com\/wp-content\/uploads\/2025\/05\/image-7.jpg\" \/>\n\t<meta property=\"og:image:width\" content=\"1024\" \/>\n\t<meta property=\"og:image:height\" content=\"768\" \/>\n\t<meta property=\"og:image:type\" content=\"image\/jpeg\" \/>\n<meta name=\"twitter:card\" content=\"summary_large_image\" \/>\n<script type=\"application\/ld+json\" class=\"yoast-schema-graph\">{\"@context\":\"https:\/\/schema.org\",\"@graph\":[{\"@type\":\"WebPage\",\"@id\":\"https:\/\/khailen.com\/index.php\/producto\/novela-negra\/\",\"url\":\"https:\/\/khailen.com\/index.php\/producto\/novela-negra\/\",\"name\":\"Novela Negra - khailen\",\"isPartOf\":{\"@id\":\"https:\/\/khailen.com\/#website\"},\"primaryImageOfPage\":{\"@id\":\"https:\/\/khailen.com\/index.php\/producto\/novela-negra\/#primaryimage\"},\"image\":{\"@id\":\"https:\/\/khailen.com\/index.php\/producto\/novela-negra\/#primaryimage\"},\"thumbnailUrl\":\"https:\/\/khailen.com\/wp-content\/uploads\/2025\/05\/image-7.jpg\",\"datePublished\":\"2025-05-13T10:48:26+00:00\",\"dateModified\":\"2025-05-14T19:52:45+00:00\",\"breadcrumb\":{\"@id\":\"https:\/\/khailen.com\/index.php\/producto\/novela-negra\/#breadcrumb\"},\"inLanguage\":\"es\",\"potentialAction\":[{\"@type\":\"ReadAction\",\"target\":[\"https:\/\/khailen.com\/index.php\/producto\/novela-negra\/\"]}]},{\"@type\":\"ImageObject\",\"inLanguage\":\"es\",\"@id\":\"https:\/\/khailen.com\/index.php\/producto\/novela-negra\/#primaryimage\",\"url\":\"https:\/\/khailen.com\/wp-content\/uploads\/2025\/05\/image-7.jpg\",\"contentUrl\":\"https:\/\/khailen.com\/wp-content\/uploads\/2025\/05\/image-7.jpg\",\"width\":1024,\"height\":768},{\"@type\":\"BreadcrumbList\",\"@id\":\"https:\/\/khailen.com\/index.php\/producto\/novela-negra\/#breadcrumb\",\"itemListElement\":[{\"@type\":\"ListItem\",\"position\":1,\"name\":\"Portada\",\"item\":\"https:\/\/khailen.com\/\"},{\"@type\":\"ListItem\",\"position\":2,\"name\":\"Tienda\",\"item\":\"https:\/\/khailen.com\/index.php\/tienda\/\"},{\"@type\":\"ListItem\",\"position\":3,\"name\":\"Novela Negra\"}]},{\"@type\":\"WebSite\",\"@id\":\"https:\/\/khailen.com\/#website\",\"url\":\"https:\/\/khailen.com\/\",\"name\":\"khailen\",\"description\":\"Explora eBooks \u00fanicos, historias cautivadoras y conocimiento nuevo para tu pasi\u00f3n por la lectura.\",\"publisher\":{\"@id\":\"https:\/\/khailen.com\/#organization\"},\"potentialAction\":[{\"@type\":\"SearchAction\",\"target\":{\"@type\":\"EntryPoint\",\"urlTemplate\":\"https:\/\/khailen.com\/?s={search_term_string}\"},\"query-input\":{\"@type\":\"PropertyValueSpecification\",\"valueRequired\":true,\"valueName\":\"search_term_string\"}}],\"inLanguage\":\"es\"},{\"@type\":\"Organization\",\"@id\":\"https:\/\/khailen.com\/#organization\",\"name\":\"khailen\",\"url\":\"https:\/\/khailen.com\/\",\"logo\":{\"@type\":\"ImageObject\",\"inLanguage\":\"es\",\"@id\":\"https:\/\/khailen.com\/#\/schema\/logo\/image\/\",\"url\":\"https:\/\/khailen.com\/wp-content\/uploads\/2025\/07\/cropped-1044pxlogoweb.png\",\"contentUrl\":\"https:\/\/khailen.com\/wp-content\/uploads\/2025\/07\/cropped-1044pxlogoweb.png\",\"width\":497,\"height\":50,\"caption\":\"khailen\"},\"image\":{\"@id\":\"https:\/\/khailen.com\/#\/schema\/logo\/image\/\"}}]}<\/script>\n<!-- \/ Yoast SEO plugin. -->","yoast_head_json":{"title":"Novela Negra - khailen","robots":{"index":"index","follow":"follow","max-snippet":"max-snippet:-1","max-image-preview":"max-image-preview:large","max-video-preview":"max-video-preview:-1"},"canonical":"https:\/\/khailen.com\/index.php\/producto\/novela-negra\/","og_locale":"es_ES","og_type":"article","og_title":"Novela Negra - khailen","og_description":"Sum\u00e9rgete en el lado oscuro con nuestra colecci\u00f3n de ebooks de novela negra. Esta categor\u00eda te ofrece tramas llenas de misterio, cr\u00edmenes e intriga, donde detectives, asesinos y secretos te mantendr\u00e1n al borde del asiento. Perfecta para amantes del thriller que disfrutan desentra\u00f1ar enigmas en atm\u00f3sferas sombr\u00edas y llenas de tensi\u00f3n.","og_url":"https:\/\/khailen.com\/index.php\/producto\/novela-negra\/","og_site_name":"khailen","article_modified_time":"2025-05-14T19:52:45+00:00","og_image":[{"width":1024,"height":768,"url":"https:\/\/khailen.com\/wp-content\/uploads\/2025\/05\/image-7.jpg","type":"image\/jpeg"}],"twitter_card":"summary_large_image","schema":{"@context":"https:\/\/schema.org","@graph":[{"@type":"WebPage","@id":"https:\/\/khailen.com\/index.php\/producto\/novela-negra\/","url":"https:\/\/khailen.com\/index.php\/producto\/novela-negra\/","name":"Novela Negra - khailen","isPartOf":{"@id":"https:\/\/khailen.com\/#website"},"primaryImageOfPage":{"@id":"https:\/\/khailen.com\/index.php\/producto\/novela-negra\/#primaryimage"},"image":{"@id":"https:\/\/khailen.com\/index.php\/producto\/novela-negra\/#primaryimage"},"thumbnailUrl":"https:\/\/khailen.com\/wp-content\/uploads\/2025\/05\/image-7.jpg","datePublished":"2025-05-13T10:48:26+00:00","dateModified":"2025-05-14T19:52:45+00:00","breadcrumb":{"@id":"https:\/\/khailen.com\/index.php\/producto\/novela-negra\/#breadcrumb"},"inLanguage":"es","potentialAction":[{"@type":"ReadAction","target":["https:\/\/khailen.com\/index.php\/producto\/novela-negra\/"]}]},{"@type":"ImageObject","inLanguage":"es","@id":"https:\/\/khailen.com\/index.php\/producto\/novela-negra\/#primaryimage","url":"https:\/\/khailen.com\/wp-content\/uploads\/2025\/05\/image-7.jpg","contentUrl":"https:\/\/khailen.com\/wp-content\/uploads\/2025\/05\/image-7.jpg","width":1024,"height":768},{"@type":"BreadcrumbList","@id":"https:\/\/khailen.com\/index.php\/producto\/novela-negra\/#breadcrumb","itemListElement":[{"@type":"ListItem","position":1,"name":"Portada","item":"https:\/\/khailen.com\/"},{"@type":"ListItem","position":2,"name":"Tienda","item":"https:\/\/khailen.com\/index.php\/tienda\/"},{"@type":"ListItem","position":3,"name":"Novela Negra"}]},{"@type":"WebSite","@id":"https:\/\/khailen.com\/#website","url":"https:\/\/khailen.com\/","name":"khailen","description":"Explora eBooks \u00fanicos, historias cautivadoras y conocimiento nuevo para tu pasi\u00f3n por la lectura.","publisher":{"@id":"https:\/\/khailen.com\/#organization"},"potentialAction":[{"@type":"SearchAction","target":{"@type":"EntryPoint","urlTemplate":"https:\/\/khailen.com\/?s={search_term_string}"},"query-input":{"@type":"PropertyValueSpecification","valueRequired":true,"valueName":"search_term_string"}}],"inLanguage":"es"},{"@type":"Organization","@id":"https:\/\/khailen.com\/#organization","name":"khailen","url":"https:\/\/khailen.com\/","logo":{"@type":"ImageObject","inLanguage":"es","@id":"https:\/\/khailen.com\/#\/schema\/logo\/image\/","url":"https:\/\/khailen.com\/wp-content\/uploads\/2025\/07\/cropped-1044pxlogoweb.png","contentUrl":"https:\/\/khailen.com\/wp-content\/uploads\/2025\/07\/cropped-1044pxlogoweb.png","width":497,"height":50,"caption":"khailen"},"image":{"@id":"https:\/\/khailen.com\/#\/schema\/logo\/image\/"}}]}},"_links":{"self":[{"href":"https:\/\/khailen.com\/index.php\/wp-json\/wp\/v2\/product\/128","targetHints":{"allow":["GET"]}}],"collection":[{"href":"https:\/\/khailen.com\/index.php\/wp-json\/wp\/v2\/product"}],"about":[{"href":"https:\/\/khailen.com\/index.php\/wp-json\/wp\/v2\/types\/product"}],"replies":[{"embeddable":true,"href":"https:\/\/khailen.com\/index.php\/wp-json\/wp\/v2\/comments?post=128"}],"wp:featuredmedia":[{"embeddable":true,"href":"https:\/\/khailen.com\/index.php\/wp-json\/wp\/v2\/media\/213"}],"wp:attachment":[{"href":"https:\/\/khailen.com\/index.php\/wp-json\/wp\/v2\/media?parent=128"}],"wp:term":[{"taxonomy":"product_brand","embeddable":true,"href":"https:\/\/khailen.com\/index.php\/wp-json\/wp\/v2\/product_brand?post=128"},{"taxonomy":"product_cat","embeddable":true,"href":"https:\/\/khailen.com\/index.php\/wp-json\/wp\/v2\/product_cat?post=128"},{"taxonomy":"product_tag","embeddable":true,"href":"https:\/\/khailen.com\/index.php\/wp-json\/wp\/v2\/product_tag?post=128"}],"curies":[{"name":"wp","href":"https:\/\/api.w.org\/{rel}","templated":true}]}}