{"id":126,"date":"2025-05-13T10:48:26","date_gmt":"2025-05-13T10:48:26","guid":{"rendered":"https:\/\/khailen.com\/index.php\/producto\/lorem-ipsum-dolar-sit-emit-3\/"},"modified":"2025-05-14T20:03:51","modified_gmt":"2025-05-14T20:03:51","slug":"romance","status":"publish","type":"product","link":"https:\/\/khailen.com\/index.php\/producto\/romance\/","title":{"rendered":"Romance"},"content":{"rendered":"<p>D\u00e9jate llevar por el amor con nuestra colecci\u00f3n de ebooks de romance. Esta categor\u00eda ofrece historias apasionadas, emotivas y llenas de sentimientos, desde amores prohibidos hasta romances contempor\u00e1neos y cuentos de \u00e9poca. Ideal para quienes buscan emocionarse con relaciones que superan obst\u00e1culos, con finales que calientan el coraz\u00f3n y momentos inolvidables.<\/p>\n","protected":false},"excerpt":{"rendered":"<p>D\u00e9jate llevar por el amor con nuestra colecci\u00f3n de ebooks de romance. Esta categor\u00eda ofrece historias apasionadas, emotivas y llenas de sentimientos, desde amores prohibidos hasta romances contempor\u00e1neos y cuentos de \u00e9poca. Ideal para quienes buscan emocionarse con relaciones que superan obst\u00e1culos, con finales que calientan el coraz\u00f3n y momentos inolvidables.<\/p>\n","protected":false},"featured_media":212,"comment_status":"open","ping_status":"closed","template":"","meta":[],"product_brand":[],"product_cat":[74,81],"product_tag":[],"class_list":{"0":"post-126","1":"product","2":"type-product","3":"status-publish","4":"has-post-thumbnail","6":"product_cat-latest-product","7":"product_cat-romance","9":"first","10":"instock","11":"downloadable","12":"virtual","13":"taxable","14":"purchasable","15":"product-type-simple"},"yoast_head":"<!-- This site is optimized with the Yoast SEO plugin v25.4 - https:\/\/yoast.com\/wordpress\/plugins\/seo\/ -->\n<title>Romance - khailen<\/title>\n<meta name=\"robots\" content=\"index, follow, max-snippet:-1, max-image-preview:large, max-video-preview:-1\" \/>\n<link rel=\"canonical\" href=\"https:\/\/khailen.com\/index.php\/producto\/romance\/\" \/>\n<meta property=\"og:locale\" content=\"es_ES\" \/>\n<meta property=\"og:type\" content=\"article\" \/>\n<meta property=\"og:title\" content=\"Romance - khailen\" \/>\n<meta property=\"og:description\" content=\"D\u00e9jate llevar por el amor con nuestra colecci\u00f3n de ebooks de romance. Esta categor\u00eda ofrece historias apasionadas, emotivas y llenas de sentimientos, desde amores prohibidos hasta romances contempor\u00e1neos y cuentos de \u00e9poca. Ideal para quienes buscan emocionarse con relaciones que superan obst\u00e1culos, con finales que calientan el coraz\u00f3n y momentos inolvidables.\" \/>\n<meta property=\"og:url\" content=\"https:\/\/khailen.com\/index.php\/producto\/romance\/\" \/>\n<meta property=\"og:site_name\" content=\"khailen\" \/>\n<meta property=\"article:modified_time\" content=\"2025-05-14T20:03:51+00:00\" \/>\n<meta property=\"og:image\" content=\"https:\/\/khailen.com\/wp-content\/uploads\/2025\/05\/image-6.jpg\" \/>\n\t<meta property=\"og:image:width\" content=\"1024\" \/>\n\t<meta property=\"og:image:height\" content=\"768\" \/>\n\t<meta property=\"og:image:type\" content=\"image\/jpeg\" \/>\n<meta name=\"twitter:card\" content=\"summary_large_image\" \/>\n<script type=\"application\/ld+json\" class=\"yoast-schema-graph\">{\"@context\":\"https:\/\/schema.org\",\"@graph\":[{\"@type\":\"WebPage\",\"@id\":\"https:\/\/khailen.com\/index.php\/producto\/romance\/\",\"url\":\"https:\/\/khailen.com\/index.php\/producto\/romance\/\",\"name\":\"Romance - khailen\",\"isPartOf\":{\"@id\":\"https:\/\/khailen.com\/#website\"},\"primaryImageOfPage\":{\"@id\":\"https:\/\/khailen.com\/index.php\/producto\/romance\/#primaryimage\"},\"image\":{\"@id\":\"https:\/\/khailen.com\/index.php\/producto\/romance\/#primaryimage\"},\"thumbnailUrl\":\"https:\/\/khailen.com\/wp-content\/uploads\/2025\/05\/image-6.jpg\",\"datePublished\":\"2025-05-13T10:48:26+00:00\",\"dateModified\":\"2025-05-14T20:03:51+00:00\",\"breadcrumb\":{\"@id\":\"https:\/\/khailen.com\/index.php\/producto\/romance\/#breadcrumb\"},\"inLanguage\":\"es\",\"potentialAction\":[{\"@type\":\"ReadAction\",\"target\":[\"https:\/\/khailen.com\/index.php\/producto\/romance\/\"]}]},{\"@type\":\"ImageObject\",\"inLanguage\":\"es\",\"@id\":\"https:\/\/khailen.com\/index.php\/producto\/romance\/#primaryimage\",\"url\":\"https:\/\/khailen.com\/wp-content\/uploads\/2025\/05\/image-6.jpg\",\"contentUrl\":\"https:\/\/khailen.com\/wp-content\/uploads\/2025\/05\/image-6.jpg\",\"width\":1024,\"height\":768},{\"@type\":\"BreadcrumbList\",\"@id\":\"https:\/\/khailen.com\/index.php\/producto\/romance\/#breadcrumb\",\"itemListElement\":[{\"@type\":\"ListItem\",\"position\":1,\"name\":\"Portada\",\"item\":\"https:\/\/khailen.com\/\"},{\"@type\":\"ListItem\",\"position\":2,\"name\":\"Tienda\",\"item\":\"https:\/\/khailen.com\/index.php\/tienda\/\"},{\"@type\":\"ListItem\",\"position\":3,\"name\":\"Romance\"}]},{\"@type\":\"WebSite\",\"@id\":\"https:\/\/khailen.com\/#website\",\"url\":\"https:\/\/khailen.com\/\",\"name\":\"khailen\",\"description\":\"Explora eBooks \u00fanicos, historias cautivadoras y conocimiento nuevo para tu pasi\u00f3n por la lectura.\",\"publisher\":{\"@id\":\"https:\/\/khailen.com\/#organization\"},\"potentialAction\":[{\"@type\":\"SearchAction\",\"target\":{\"@type\":\"EntryPoint\",\"urlTemplate\":\"https:\/\/khailen.com\/?s={search_term_string}\"},\"query-input\":{\"@type\":\"PropertyValueSpecification\",\"valueRequired\":true,\"valueName\":\"search_term_string\"}}],\"inLanguage\":\"es\"},{\"@type\":\"Organization\",\"@id\":\"https:\/\/khailen.com\/#organization\",\"name\":\"khailen\",\"url\":\"https:\/\/khailen.com\/\",\"logo\":{\"@type\":\"ImageObject\",\"inLanguage\":\"es\",\"@id\":\"https:\/\/khailen.com\/#\/schema\/logo\/image\/\",\"url\":\"https:\/\/khailen.com\/wp-content\/uploads\/2025\/07\/cropped-1044pxlogoweb.png\",\"contentUrl\":\"https:\/\/khailen.com\/wp-content\/uploads\/2025\/07\/cropped-1044pxlogoweb.png\",\"width\":497,\"height\":50,\"caption\":\"khailen\"},\"image\":{\"@id\":\"https:\/\/khailen.com\/#\/schema\/logo\/image\/\"}}]}<\/script>\n<!-- \/ Yoast SEO plugin. -->","yoast_head_json":{"title":"Romance - khailen","robots":{"index":"index","follow":"follow","max-snippet":"max-snippet:-1","max-image-preview":"max-image-preview:large","max-video-preview":"max-video-preview:-1"},"canonical":"https:\/\/khailen.com\/index.php\/producto\/romance\/","og_locale":"es_ES","og_type":"article","og_title":"Romance - khailen","og_description":"D\u00e9jate llevar por el amor con nuestra colecci\u00f3n de ebooks de romance. Esta categor\u00eda ofrece historias apasionadas, emotivas y llenas de sentimientos, desde amores prohibidos hasta romances contempor\u00e1neos y cuentos de \u00e9poca. Ideal para quienes buscan emocionarse con relaciones que superan obst\u00e1culos, con finales que calientan el coraz\u00f3n y momentos inolvidables.","og_url":"https:\/\/khailen.com\/index.php\/producto\/romance\/","og_site_name":"khailen","article_modified_time":"2025-05-14T20:03:51+00:00","og_image":[{"width":1024,"height":768,"url":"https:\/\/khailen.com\/wp-content\/uploads\/2025\/05\/image-6.jpg","type":"image\/jpeg"}],"twitter_card":"summary_large_image","schema":{"@context":"https:\/\/schema.org","@graph":[{"@type":"WebPage","@id":"https:\/\/khailen.com\/index.php\/producto\/romance\/","url":"https:\/\/khailen.com\/index.php\/producto\/romance\/","name":"Romance - khailen","isPartOf":{"@id":"https:\/\/khailen.com\/#website"},"primaryImageOfPage":{"@id":"https:\/\/khailen.com\/index.php\/producto\/romance\/#primaryimage"},"image":{"@id":"https:\/\/khailen.com\/index.php\/producto\/romance\/#primaryimage"},"thumbnailUrl":"https:\/\/khailen.com\/wp-content\/uploads\/2025\/05\/image-6.jpg","datePublished":"2025-05-13T10:48:26+00:00","dateModified":"2025-05-14T20:03:51+00:00","breadcrumb":{"@id":"https:\/\/khailen.com\/index.php\/producto\/romance\/#breadcrumb"},"inLanguage":"es","potentialAction":[{"@type":"ReadAction","target":["https:\/\/khailen.com\/index.php\/producto\/romance\/"]}]},{"@type":"ImageObject","inLanguage":"es","@id":"https:\/\/khailen.com\/index.php\/producto\/romance\/#primaryimage","url":"https:\/\/khailen.com\/wp-content\/uploads\/2025\/05\/image-6.jpg","contentUrl":"https:\/\/khailen.com\/wp-content\/uploads\/2025\/05\/image-6.jpg","width":1024,"height":768},{"@type":"BreadcrumbList","@id":"https:\/\/khailen.com\/index.php\/producto\/romance\/#breadcrumb","itemListElement":[{"@type":"ListItem","position":1,"name":"Portada","item":"https:\/\/khailen.com\/"},{"@type":"ListItem","position":2,"name":"Tienda","item":"https:\/\/khailen.com\/index.php\/tienda\/"},{"@type":"ListItem","position":3,"name":"Romance"}]},{"@type":"WebSite","@id":"https:\/\/khailen.com\/#website","url":"https:\/\/khailen.com\/","name":"khailen","description":"Explora eBooks \u00fanicos, historias cautivadoras y conocimiento nuevo para tu pasi\u00f3n por la lectura.","publisher":{"@id":"https:\/\/khailen.com\/#organization"},"potentialAction":[{"@type":"SearchAction","target":{"@type":"EntryPoint","urlTemplate":"https:\/\/khailen.com\/?s={search_term_string}"},"query-input":{"@type":"PropertyValueSpecification","valueRequired":true,"valueName":"search_term_string"}}],"inLanguage":"es"},{"@type":"Organization","@id":"https:\/\/khailen.com\/#organization","name":"khailen","url":"https:\/\/khailen.com\/","logo":{"@type":"ImageObject","inLanguage":"es","@id":"https:\/\/khailen.com\/#\/schema\/logo\/image\/","url":"https:\/\/khailen.com\/wp-content\/uploads\/2025\/07\/cropped-1044pxlogoweb.png","contentUrl":"https:\/\/khailen.com\/wp-content\/uploads\/2025\/07\/cropped-1044pxlogoweb.png","width":497,"height":50,"caption":"khailen"},"image":{"@id":"https:\/\/khailen.com\/#\/schema\/logo\/image\/"}}]}},"_links":{"self":[{"href":"https:\/\/khailen.com\/index.php\/wp-json\/wp\/v2\/product\/126","targetHints":{"allow":["GET"]}}],"collection":[{"href":"https:\/\/khailen.com\/index.php\/wp-json\/wp\/v2\/product"}],"about":[{"href":"https:\/\/khailen.com\/index.php\/wp-json\/wp\/v2\/types\/product"}],"replies":[{"embeddable":true,"href":"https:\/\/khailen.com\/index.php\/wp-json\/wp\/v2\/comments?post=126"}],"wp:featuredmedia":[{"embeddable":true,"href":"https:\/\/khailen.com\/index.php\/wp-json\/wp\/v2\/media\/212"}],"wp:attachment":[{"href":"https:\/\/khailen.com\/index.php\/wp-json\/wp\/v2\/media?parent=126"}],"wp:term":[{"taxonomy":"product_brand","embeddable":true,"href":"https:\/\/khailen.com\/index.php\/wp-json\/wp\/v2\/product_brand?post=126"},{"taxonomy":"product_cat","embeddable":true,"href":"https:\/\/khailen.com\/index.php\/wp-json\/wp\/v2\/product_cat?post=126"},{"taxonomy":"product_tag","embeddable":true,"href":"https:\/\/khailen.com\/index.php\/wp-json\/wp\/v2\/product_tag?post=126"}],"curies":[{"name":"wp","href":"https:\/\/api.w.org\/{rel}","templated":true}]}}