{"id":183,"date":"2025-05-13T21:57:37","date_gmt":"2025-05-13T21:57:37","guid":{"rendered":"https:\/\/khailen.com\/index.php\/lorem-ipsum-dolor-amet-15\/"},"modified":"2025-07-06T19:21:39","modified_gmt":"2025-07-06T19:21:39","slug":"lorem-ipsum-dolor-amet-15","status":"publish","type":"page","link":"https:\/\/khailen.com\/index.php\/lorem-ipsum-dolor-amet-15\/","title":{"rendered":"\u00a1Tu pr\u00f3xima gran historia te espera!"},"content":{"rendered":"<div>Sum\u00e9rgete en nuestro \u00faltimo lanzamiento, perfecto para TU momento de escape. \u00a1Descubre una novedad que te har\u00e1 re\u00edr, so\u00f1ar y sentir!<\/div>\n<div>\u00a0<\/div>\n<div>\u00a0<\/div>\n\n\n<figure class=\"wp-block-embed is-type-wp-embed is-provider-khailen wp-block-embed-khailen\"><div class=\"wp-block-embed__wrapper\">\n<blockquote class=\"wp-embedded-content\" data-secret=\"Shltvx7Whm\"><a href=\"https:\/\/khailen.com\/index.php\/producto\/romance\/\">Romance<\/a><\/blockquote><iframe loading=\"lazy\" class=\"wp-embedded-content\" sandbox=\"allow-scripts\" security=\"restricted\" style=\"position: absolute; visibility: hidden;\" title=\"\u00abRomance\u00bb \u2014 khailen\" src=\"https:\/\/khailen.com\/index.php\/producto\/romance\/embed\/#?secret=CUvPAhGhLY#?secret=Shltvx7Whm\" data-secret=\"Shltvx7Whm\" width=\"600\" height=\"338\" frameborder=\"0\" marginwidth=\"0\" marginheight=\"0\" scrolling=\"no\"><\/iframe>\n<\/div><\/figure>\n","protected":false},"excerpt":{"rendered":"<p>Sum\u00e9rgete en nuestro \u00faltimo lanzamiento, perfecto para TU momento de escape. \u00a1Descubre una novedad que te har\u00e1 re\u00edr, so\u00f1ar y sentir! \u00a0 \u00a0<\/p>\n","protected":false},"author":1,"featured_media":688,"parent":0,"menu_order":0,"comment_status":"closed","ping_status":"closed","template":"","meta":{"footnotes":""},"class_list":["post-183","page","type-page","status-publish","has-post-thumbnail","hentry"],"yoast_head":"<!-- This site is optimized with the Yoast SEO plugin v25.4 - https:\/\/yoast.com\/wordpress\/plugins\/seo\/ -->\n<title>\u00a1Tu pr\u00f3xima gran historia te espera! - khailen<\/title>\n<meta name=\"description\" content=\"Encuentra tu pr\u00f3xima gran historia en khailen.com. eBooks \u00fanicos llenos de aventura y emoci\u00f3n. \u00a1Descubre y lee hoy!\" \/>\n<meta name=\"robots\" content=\"index, follow, max-snippet:-1, max-image-preview:large, max-video-preview:-1\" \/>\n<link rel=\"canonical\" href=\"https:\/\/khailen.com\/index.php\/lorem-ipsum-dolor-amet-15\/\" \/>\n<meta property=\"og:locale\" content=\"es_ES\" \/>\n<meta property=\"og:type\" content=\"article\" \/>\n<meta property=\"og:title\" content=\"\u00a1Tu pr\u00f3xima gran historia te espera! - khailen\" \/>\n<meta property=\"og:description\" content=\"Encuentra tu pr\u00f3xima gran historia en khailen.com. eBooks \u00fanicos llenos de aventura y emoci\u00f3n. \u00a1Descubre y lee hoy!\" \/>\n<meta property=\"og:url\" content=\"https:\/\/khailen.com\/index.php\/lorem-ipsum-dolor-amet-15\/\" \/>\n<meta property=\"og:site_name\" content=\"khailen\" \/>\n<meta property=\"article:modified_time\" content=\"2025-07-06T19:21:39+00:00\" \/>\n<meta property=\"og:image\" content=\"https:\/\/khailen.com\/wp-content\/uploads\/2025\/07\/alice-feigel-HUy9mhKATy8-unsplash-scaled.jpg\" \/>\n\t<meta property=\"og:image:width\" content=\"2560\" \/>\n\t<meta property=\"og:image:height\" content=\"1709\" \/>\n\t<meta property=\"og:image:type\" content=\"image\/jpeg\" \/>\n<meta name=\"twitter:card\" content=\"summary_large_image\" \/>\n<meta name=\"twitter:label1\" content=\"Tiempo de lectura\" \/>\n\t<meta name=\"twitter:data1\" content=\"1 minuto\" \/>\n<script type=\"application\/ld+json\" class=\"yoast-schema-graph\">{\"@context\":\"https:\/\/schema.org\",\"@graph\":[{\"@type\":\"WebPage\",\"@id\":\"https:\/\/khailen.com\/index.php\/lorem-ipsum-dolor-amet-15\/\",\"url\":\"https:\/\/khailen.com\/index.php\/lorem-ipsum-dolor-amet-15\/\",\"name\":\"\u00a1Tu pr\u00f3xima gran historia te espera! - khailen\",\"isPartOf\":{\"@id\":\"https:\/\/khailen.com\/#website\"},\"primaryImageOfPage\":{\"@id\":\"https:\/\/khailen.com\/index.php\/lorem-ipsum-dolor-amet-15\/#primaryimage\"},\"image\":{\"@id\":\"https:\/\/khailen.com\/index.php\/lorem-ipsum-dolor-amet-15\/#primaryimage\"},\"thumbnailUrl\":\"https:\/\/khailen.com\/wp-content\/uploads\/2025\/07\/alice-feigel-HUy9mhKATy8-unsplash-scaled.jpg\",\"datePublished\":\"2025-05-13T21:57:37+00:00\",\"dateModified\":\"2025-07-06T19:21:39+00:00\",\"description\":\"Encuentra tu pr\u00f3xima gran historia en khailen.com. eBooks \u00fanicos llenos de aventura y emoci\u00f3n. \u00a1Descubre y lee hoy!\",\"breadcrumb\":{\"@id\":\"https:\/\/khailen.com\/index.php\/lorem-ipsum-dolor-amet-15\/#breadcrumb\"},\"inLanguage\":\"es\",\"potentialAction\":[{\"@type\":\"ReadAction\",\"target\":[\"https:\/\/khailen.com\/index.php\/lorem-ipsum-dolor-amet-15\/\"]}]},{\"@type\":\"ImageObject\",\"inLanguage\":\"es\",\"@id\":\"https:\/\/khailen.com\/index.php\/lorem-ipsum-dolor-amet-15\/#primaryimage\",\"url\":\"https:\/\/khailen.com\/wp-content\/uploads\/2025\/07\/alice-feigel-HUy9mhKATy8-unsplash-scaled.jpg\",\"contentUrl\":\"https:\/\/khailen.com\/wp-content\/uploads\/2025\/07\/alice-feigel-HUy9mhKATy8-unsplash-scaled.jpg\",\"width\":2560,\"height\":1709},{\"@type\":\"BreadcrumbList\",\"@id\":\"https:\/\/khailen.com\/index.php\/lorem-ipsum-dolor-amet-15\/#breadcrumb\",\"itemListElement\":[{\"@type\":\"ListItem\",\"position\":1,\"name\":\"Portada\",\"item\":\"https:\/\/khailen.com\/\"},{\"@type\":\"ListItem\",\"position\":2,\"name\":\"\u00a1Tu pr\u00f3xima gran historia te espera!\"}]},{\"@type\":\"WebSite\",\"@id\":\"https:\/\/khailen.com\/#website\",\"url\":\"https:\/\/khailen.com\/\",\"name\":\"khailen\",\"description\":\"Explora eBooks \u00fanicos, historias cautivadoras y conocimiento nuevo para tu pasi\u00f3n por la lectura.\",\"publisher\":{\"@id\":\"https:\/\/khailen.com\/#organization\"},\"potentialAction\":[{\"@type\":\"SearchAction\",\"target\":{\"@type\":\"EntryPoint\",\"urlTemplate\":\"https:\/\/khailen.com\/?s={search_term_string}\"},\"query-input\":{\"@type\":\"PropertyValueSpecification\",\"valueRequired\":true,\"valueName\":\"search_term_string\"}}],\"inLanguage\":\"es\"},{\"@type\":\"Organization\",\"@id\":\"https:\/\/khailen.com\/#organization\",\"name\":\"khailen\",\"url\":\"https:\/\/khailen.com\/\",\"logo\":{\"@type\":\"ImageObject\",\"inLanguage\":\"es\",\"@id\":\"https:\/\/khailen.com\/#\/schema\/logo\/image\/\",\"url\":\"https:\/\/khailen.com\/wp-content\/uploads\/2025\/07\/cropped-1044pxlogoweb.png\",\"contentUrl\":\"https:\/\/khailen.com\/wp-content\/uploads\/2025\/07\/cropped-1044pxlogoweb.png\",\"width\":497,\"height\":50,\"caption\":\"khailen\"},\"image\":{\"@id\":\"https:\/\/khailen.com\/#\/schema\/logo\/image\/\"}}]}<\/script>\n<!-- \/ Yoast SEO plugin. -->","yoast_head_json":{"title":"\u00a1Tu pr\u00f3xima gran historia te espera! - khailen","description":"Encuentra tu pr\u00f3xima gran historia en khailen.com. eBooks \u00fanicos llenos de aventura y emoci\u00f3n. \u00a1Descubre y lee hoy!","robots":{"index":"index","follow":"follow","max-snippet":"max-snippet:-1","max-image-preview":"max-image-preview:large","max-video-preview":"max-video-preview:-1"},"canonical":"https:\/\/khailen.com\/index.php\/lorem-ipsum-dolor-amet-15\/","og_locale":"es_ES","og_type":"article","og_title":"\u00a1Tu pr\u00f3xima gran historia te espera! - khailen","og_description":"Encuentra tu pr\u00f3xima gran historia en khailen.com. eBooks \u00fanicos llenos de aventura y emoci\u00f3n. \u00a1Descubre y lee hoy!","og_url":"https:\/\/khailen.com\/index.php\/lorem-ipsum-dolor-amet-15\/","og_site_name":"khailen","article_modified_time":"2025-07-06T19:21:39+00:00","og_image":[{"width":2560,"height":1709,"url":"https:\/\/khailen.com\/wp-content\/uploads\/2025\/07\/alice-feigel-HUy9mhKATy8-unsplash-scaled.jpg","type":"image\/jpeg"}],"twitter_card":"summary_large_image","twitter_misc":{"Tiempo de lectura":"1 minuto"},"schema":{"@context":"https:\/\/schema.org","@graph":[{"@type":"WebPage","@id":"https:\/\/khailen.com\/index.php\/lorem-ipsum-dolor-amet-15\/","url":"https:\/\/khailen.com\/index.php\/lorem-ipsum-dolor-amet-15\/","name":"\u00a1Tu pr\u00f3xima gran historia te espera! - khailen","isPartOf":{"@id":"https:\/\/khailen.com\/#website"},"primaryImageOfPage":{"@id":"https:\/\/khailen.com\/index.php\/lorem-ipsum-dolor-amet-15\/#primaryimage"},"image":{"@id":"https:\/\/khailen.com\/index.php\/lorem-ipsum-dolor-amet-15\/#primaryimage"},"thumbnailUrl":"https:\/\/khailen.com\/wp-content\/uploads\/2025\/07\/alice-feigel-HUy9mhKATy8-unsplash-scaled.jpg","datePublished":"2025-05-13T21:57:37+00:00","dateModified":"2025-07-06T19:21:39+00:00","description":"Encuentra tu pr\u00f3xima gran historia en khailen.com. eBooks \u00fanicos llenos de aventura y emoci\u00f3n. \u00a1Descubre y lee hoy!","breadcrumb":{"@id":"https:\/\/khailen.com\/index.php\/lorem-ipsum-dolor-amet-15\/#breadcrumb"},"inLanguage":"es","potentialAction":[{"@type":"ReadAction","target":["https:\/\/khailen.com\/index.php\/lorem-ipsum-dolor-amet-15\/"]}]},{"@type":"ImageObject","inLanguage":"es","@id":"https:\/\/khailen.com\/index.php\/lorem-ipsum-dolor-amet-15\/#primaryimage","url":"https:\/\/khailen.com\/wp-content\/uploads\/2025\/07\/alice-feigel-HUy9mhKATy8-unsplash-scaled.jpg","contentUrl":"https:\/\/khailen.com\/wp-content\/uploads\/2025\/07\/alice-feigel-HUy9mhKATy8-unsplash-scaled.jpg","width":2560,"height":1709},{"@type":"BreadcrumbList","@id":"https:\/\/khailen.com\/index.php\/lorem-ipsum-dolor-amet-15\/#breadcrumb","itemListElement":[{"@type":"ListItem","position":1,"name":"Portada","item":"https:\/\/khailen.com\/"},{"@type":"ListItem","position":2,"name":"\u00a1Tu pr\u00f3xima gran historia te espera!"}]},{"@type":"WebSite","@id":"https:\/\/khailen.com\/#website","url":"https:\/\/khailen.com\/","name":"khailen","description":"Explora eBooks \u00fanicos, historias cautivadoras y conocimiento nuevo para tu pasi\u00f3n por la lectura.","publisher":{"@id":"https:\/\/khailen.com\/#organization"},"potentialAction":[{"@type":"SearchAction","target":{"@type":"EntryPoint","urlTemplate":"https:\/\/khailen.com\/?s={search_term_string}"},"query-input":{"@type":"PropertyValueSpecification","valueRequired":true,"valueName":"search_term_string"}}],"inLanguage":"es"},{"@type":"Organization","@id":"https:\/\/khailen.com\/#organization","name":"khailen","url":"https:\/\/khailen.com\/","logo":{"@type":"ImageObject","inLanguage":"es","@id":"https:\/\/khailen.com\/#\/schema\/logo\/image\/","url":"https:\/\/khailen.com\/wp-content\/uploads\/2025\/07\/cropped-1044pxlogoweb.png","contentUrl":"https:\/\/khailen.com\/wp-content\/uploads\/2025\/07\/cropped-1044pxlogoweb.png","width":497,"height":50,"caption":"khailen"},"image":{"@id":"https:\/\/khailen.com\/#\/schema\/logo\/image\/"}}]}},"_links":{"self":[{"href":"https:\/\/khailen.com\/index.php\/wp-json\/wp\/v2\/pages\/183","targetHints":{"allow":["GET"]}}],"collection":[{"href":"https:\/\/khailen.com\/index.php\/wp-json\/wp\/v2\/pages"}],"about":[{"href":"https:\/\/khailen.com\/index.php\/wp-json\/wp\/v2\/types\/page"}],"author":[{"embeddable":true,"href":"https:\/\/khailen.com\/index.php\/wp-json\/wp\/v2\/users\/1"}],"replies":[{"embeddable":true,"href":"https:\/\/khailen.com\/index.php\/wp-json\/wp\/v2\/comments?post=183"}],"version-history":[{"count":2,"href":"https:\/\/khailen.com\/index.php\/wp-json\/wp\/v2\/pages\/183\/revisions"}],"predecessor-version":[{"id":292,"href":"https:\/\/khailen.com\/index.php\/wp-json\/wp\/v2\/pages\/183\/revisions\/292"}],"wp:featuredmedia":[{"embeddable":true,"href":"https:\/\/khailen.com\/index.php\/wp-json\/wp\/v2\/media\/688"}],"wp:attachment":[{"href":"https:\/\/khailen.com\/index.php\/wp-json\/wp\/v2\/media?parent=183"}],"curies":[{"name":"wp","href":"https:\/\/api.w.org\/{rel}","templated":true}]}}